{"id":434,"date":"2025-08-03T09:50:12","date_gmt":"2025-08-03T09:50:12","guid":{"rendered":"https:\/\/www.yherrero.com\/?page_id=434"},"modified":"2025-08-11T19:11:53","modified_gmt":"2025-08-11T19:11:53","slug":"mentions-legales","status":"publish","type":"page","link":"https:\/\/www.yherrero.com\/es\/mentions-legales\/","title":{"rendered":"Aviso legal"},"content":{"rendered":"<p>[et_pb_section fb_built=\u00a0\u00bb1&Prime; fullwidth=\u00a0\u00bbon\u00a0\u00bb next_background_color=\u00a0\u00bb#ffffff\u00a0\u00bb _builder_version=\u00a0\u00bb4.16&Prime; background_image=\u00a0\u00bbhttps:\/\/www.yherrero.com\/wp-content\/uploads\/2025\/07\/life-coach-09.jpg\u00a0\u00bb bottom_divider_style=\u00a0\u00bbslant\u00a0\u00bb bottom_divider_flip=\u00a0\u00bbhorizontal\u00a0\u00bb animation_style=\u00a0\u00bbslide\u00a0\u00bb animation_direction=\u00a0\u00bbtop\u00a0\u00bb animation_intensity_slide=\u00a0\u00bb2%\u00a0\u00bb global_colors_info=\u00a0\u00bb{}\u00a0\u00bb][et_pb_fullwidth_header title=\u00a0\u00bbMentions L\u00e9gales\u00a0\u00bb text_orientation=\u00a0\u00bbcenter\u00a0\u00bb background_overlay_color=\u00a0\u00bbrgba(68,98,124,0.8)\u00a0\u00bb _builder_version=\u00a0\u00bb4.16&Prime; title_font=\u00a0\u00bbLato|700|||||||\u00a0\u00bb title_font_size=\u00a0\u00bb46px\u00a0\u00bb title_line_height=\u00a0\u00bb1.5em\u00a0\u00bb content_font=\u00a0\u00bbLato||||||||\u00a0\u00bb content_font_size=\u00a0\u00bb20px\u00a0\u00bb content_line_height=\u00a0\u00bb1.8em\u00a0\u00bb subhead_font=\u00a0\u00bbLato|700|||||||\u00a0\u00bb subhead_font_size=\u00a0\u00bb25px\u00a0\u00bb subhead_line_height=\u00a0\u00bb1.5em\u00a0\u00bb background_color=\u00a0\u00bb#afafaf\u00a0\u00bb background_image=\u00a0\u00bbhttps:\/\/www.yherrero.com\/wp-content\/uploads\/2025\/07\/life-coach-33.jpg\u00a0\u00bb custom_margin=\u00a0\u00bb|||\u00a0\u00bb custom_padding=\u00a0\u00bb5vw||150px||false\u00a0\u00bb title_font_size_tablet=\u00a0\u00bb36px\u00a0\u00bb title_font_size_phone=\u00a0\u00bb\u00a0\u00bb title_font_size_last_edited=\u00a0\u00bbon|phone\u00a0\u00bb global_colors_info=\u00a0\u00bb{}\u00a0\u00bb button_one_text_size__hover_enabled=\u00a0\u00bboff\u00a0\u00bb button_two_text_size__hover_enabled=\u00a0\u00bboff\u00a0\u00bb button_one_text_color__hover_enabled=\u00a0\u00bboff\u00a0\u00bb button_two_text_color__hover_enabled=\u00a0\u00bboff\u00a0\u00bb button_one_border_width__hover_enabled=\u00a0\u00bboff\u00a0\u00bb button_two_border_width__hover_enabled=\u00a0\u00bboff\u00a0\u00bb button_one_border_color__hover_enabled=\u00a0\u00bboff\u00a0\u00bb button_two_border_color__hover_enabled=\u00a0\u00bboff\u00a0\u00bb button_one_border_radius__hover_enabled=\u00a0\u00bboff\u00a0\u00bb button_two_border_radius__hover_enabled=\u00a0\u00bboff\u00a0\u00bb button_one_letter_spacing__hover_enabled=\u00a0\u00bboff\u00a0\u00bb button_two_letter_spacing__hover_enabled=\u00a0\u00bboff\u00a0\u00bb button_one_bg_color__hover_enabled=\u00a0\u00bboff\u00a0\u00bb button_two_bg_color__hover_enabled=\u00a0\u00bboff\u00a0\u00bb]<\/p>\n<p style=\"text-align: center;\"><span style=\"color: #ffffff;\"><\/span><\/p>\n<p>[\/et_pb_fullwidth_header][\/et_pb_section][et_pb_section fb_built=\u00a0\u00bb1&Prime; next_background_color=\u00a0\u00bb#ffbe6b\u00a0\u00bb admin_label=\u00a0\u00bbContact Section\u00a0\u00bb _builder_version=\u00a0\u00bb4.27.4&Prime; custom_padding=\u00a0\u00bb54px|0px|66px|0px|false|false\u00a0\u00bb bottom_divider_style=\u00a0\u00bbslant\u00a0\u00bb bottom_divider_flip=\u00a0\u00bbhorizontal\u00a0\u00bb bottom_divider_arrangement=\u00a0\u00bbabove_content\u00a0\u00bb global_colors_info=\u00a0\u00bb{}\u00a0\u00bb][et_pb_row _builder_version=\u00a0\u00bb4.27.4&Prime; _module_preset=\u00a0\u00bbdefault\u00a0\u00bb global_colors_info=\u00a0\u00bb{}\u00a0\u00bb][et_pb_column type=\u00a0\u00bb4_4&Prime; _builder_version=\u00a0\u00bb4.27.4&Prime; _module_preset=\u00a0\u00bbdefault\u00a0\u00bb global_colors_info=\u00a0\u00bb{}\u00a0\u00bb][et_pb_text _builder_version=\u00a0\u00bb4.27.4&Prime; _module_preset=\u00a0\u00bbdefault\u00a0\u00bb global_colors_info=\u00a0\u00bb{}\u00a0\u00bb]<\/p>\n<h1 data-start=\"209\" data-end=\"227\" style=\"text-align: justify;\">Mentions l\u00e9gales<\/h1>\n<p data-start=\"229\" data-end=\"257\" style=\"text-align: justify;\"><strong data-start=\"229\" data-end=\"257\">En vigueur au 03\/08\/2025<\/strong><\/p>\n<p data-start=\"259\" data-end=\"535\" style=\"text-align: justify;\">Conform\u00e9ment aux dispositions des articles 6\u2011III et 19 de la Loi n\u00b02004\u2011575 du 21 juin 2004 pour la Confiance dans l\u2019\u00c9conomie Num\u00e9rique (dite L.C.E.N.), les utilisateurs et visiteurs du site <strong data-start=\"450\" data-end=\"466\">yherrero.com<\/strong> (ci\u2011apr\u00e8s le \u00ab\u202fSite\u202f\u00bb) sont inform\u00e9s des pr\u00e9sentes mentions l\u00e9gales.<\/p>\n<p data-start=\"537\" data-end=\"719\" style=\"text-align: justify;\">La navigation sur le Site implique l\u2019acceptation pleine et enti\u00e8re des pr\u00e9sentes mentions l\u00e9gales.<br data-start=\"635\" data-end=\"638\" \/>Celles-ci sont accessibles \u00e0 tout moment depuis la rubrique \u00ab\u202fMentions l\u00e9gales\u202f\u00bb.<\/p>\n<hr data-start=\"721\" data-end=\"724\" \/>\n<h2 data-start=\"726\" data-end=\"748\" style=\"text-align: justify;\">ARTICLE 1 \u2013 \u00c9DITEUR<\/h2>\n<p data-start=\"750\" data-end=\"821\" style=\"text-align: justify;\">L\u2019\u00e9dition et la direction de la publication du Site sont assur\u00e9es par :<\/p>\n<p data-start=\"823\" data-end=\"954\" style=\"text-align: justify;\"><strong data-start=\"823\" data-end=\"842\">Herrero Yolanda<\/strong><br data-start=\"842\" data-end=\"845\" \/>Adresse\u202f: 8 RUE DU NOYER MULOT 95130 FRANCONVILLE<br data-start=\"882\" data-end=\"885\" \/>SIRET\u202f: 85172665300013<br data-start=\"920\" data-end=\"923\" \/>E\u2011mail\u202f:<a href=\"mailto:yherrerocoach@gmail.com\">yherrerocoach@gmail.com<\/a><\/p>\n<p data-start=\"956\" data-end=\"981\" style=\"text-align: justify;\">(ci-apr\u00e8s \u00ab\u202fl\u2019\u00c9diteur\u202f\u00bb).<\/p>\n<hr data-start=\"983\" data-end=\"986\" \/>\n<h2 data-start=\"988\" data-end=\"1014\" style=\"text-align: justify;\">ARTICLE 2 \u2013 H\u00c9BERGEMENT<\/h2>\n<p data-start=\"1016\" data-end=\"1041\" style=\"text-align: justify;\">Le Site est h\u00e9berg\u00e9 par\u202f:<\/p>\n<p data-start=\"1043\" data-end=\"1187\" style=\"text-align: justify;\"><strong data-start=\"1043\" data-end=\"1055\">o2switch<\/strong><br data-start=\"1055\" data-end=\"1058\" \/>Chemin des Pardiaux \u2013 63000 Clermont\u2011Ferrand \u2013 France<br data-start=\"1111\" data-end=\"1114\" \/>T\u00e9l.\u202f: 04\u202f44\u202f44\u202f60\u202f40<br data-start=\"1135\" data-end=\"1138\" \/>Site\u202f: <a data-start=\"1145\" data-end=\"1187\" class=\"cursor-pointer\" rel=\"noopener\" target=\"_new\">www.o2switch.fr<\/a><\/p>\n<hr data-start=\"1189\" data-end=\"1192\" \/>\n<h2 data-start=\"1194\" data-end=\"1222\" style=\"text-align: justify;\">ARTICLE 3 \u2013 ACC\u00c8S AU SITE<\/h2>\n<p data-start=\"1224\" data-end=\"1385\" style=\"text-align: justify;\">Le Site est accessible 7\u202fjours sur\u202f7 et 24\u202fheures sur\u202f24, sauf cas de force majeure, interruption programm\u00e9e ou non, ou n\u00e9cessitant une op\u00e9ration de maintenance.<\/p>\n<p data-start=\"1387\" data-end=\"1502\" style=\"text-align: justify;\">L\u2019\u00c9diteur ne saurait \u00eatre tenu responsable en cas de modification, suspension ou interruption des services du Site.<\/p>\n<hr data-start=\"1504\" data-end=\"1507\" \/>\n<h2 data-start=\"1509\" data-end=\"1558\" style=\"text-align: justify;\">ARTICLE 4 \u2013 COLLECTE ET PROTECTION DES DONN\u00c9ES<\/h2>\n<p data-start=\"1560\" data-end=\"1803\" style=\"text-align: justify;\">Le Site assure \u00e0 l\u2019Utilisateur une collecte et un traitement des informations personnelles dans le respect de la vie priv\u00e9e, conform\u00e9ment \u00e0 la loi n\u00b078\u201117 du 6 janvier 1978 modifi\u00e9e et au R\u00e8glement G\u00e9n\u00e9ral sur la Protection des Donn\u00e9es (RGPD).<\/p>\n<p data-start=\"1805\" data-end=\"1968\" style=\"text-align: justify;\">L\u2019Utilisateur dispose d\u2019un droit d\u2019acc\u00e8s, de rectification, de suppression et d\u2019opposition concernant ses donn\u00e9es personnelles.<br data-start=\"1932\" data-end=\"1935\" \/>Ces droits peuvent \u00eatre exerc\u00e9s\u202f:<\/p>\n<ul data-start=\"1970\" data-end=\"2077\" style=\"text-align: justify;\">\n<li data-start=\"1970\" data-end=\"2022\">\n<p data-start=\"1972\" data-end=\"2022\">par email \u00e0 l\u2019adresse\u202f: <a href=\"mailto:yherrerocoach@gmail.com\">yherrerocoach@gmail.com<\/a><\/p>\n<\/li>\n<li data-start=\"2023\" data-end=\"2077\">\n<p data-start=\"2025\" data-end=\"2077\">via le formulaire de contact disponible sur le Site.<\/p>\n<\/li>\n<\/ul>\n<hr data-start=\"2079\" data-end=\"2082\" \/>\n<h2 data-start=\"2084\" data-end=\"2123\" style=\"text-align: justify;\">ARTICLE 5 \u2013 PROPRI\u00c9T\u00c9 INTELLECTUELLE<\/h2>\n<p data-start=\"2125\" data-end=\"2427\" style=\"text-align: justify;\">Toute reproduction, diffusion, modification ou utilisation, totale ou partielle, des contenus du Site sans autorisation \u00e9crite pr\u00e9alable de l\u2019\u00c9diteur est strictement interdite et pourra donner lieu \u00e0 des poursuites, conform\u00e9ment aux dispositions du Code de la propri\u00e9t\u00e9 intellectuelle et du Code civil.<\/p>\n<p>[\/et_pb_text][\/et_pb_column][\/et_pb_row][\/et_pb_section][et_pb_section fb_built=\u00a0\u00bb1&Prime; next_background_color=\u00a0\u00bb#ffffff\u00a0\u00bb admin_label=\u00a0\u00bbPublications\u00a0\u00bb _builder_version=\u00a0\u00bb4.27.4&Prime; background_color=\u00a0\u00bb#ffbe6b\u00a0\u00bb use_background_color_gradient=\u00a0\u00bbon\u00a0\u00bb background_color_gradient_stops=\u00a0\u00bb#e8e8e8 0%|rgba(255,255,255,0.7) 100%\u00a0\u00bb background_color_gradient_overlays_image=\u00a0\u00bbon\u00a0\u00bb background_color_gradient_start=\u00a0\u00bb#e8e8e8&Prime; background_color_gradient_end=\u00a0\u00bbrgba(255,255,255,0.7)\u00a0\u00bb background_image=\u00a0\u00bbhttps:\/\/www.yherrero.com\/wp-content\/uploads\/2025\/07\/life-coach-33.jpg\u00a0\u00bb custom_margin=\u00a0\u00bb|||\u00a0\u00bb custom_padding=\u00a0\u00bb64px||64px||true|false\u00a0\u00bb top_divider_style=\u00a0\u00bbslant\u00a0\u00bb top_divider_color=\u00a0\u00bb#f5f5f5&Prime; top_divider_flip=\u00a0\u00bbvertical\u00a0\u00bb top_divider_arrangement=\u00a0\u00bbabove_content\u00a0\u00bb bottom_divider_style=\u00a0\u00bbslant\u00a0\u00bb bottom_divider_flip=\u00a0\u00bbvertical\u00a0\u00bb bottom_divider_arrangement=\u00a0\u00bbabove_content\u00a0\u00bb locked=\u00a0\u00bboff\u00a0\u00bb global_colors_info=\u00a0\u00bb{}\u00a0\u00bb][et_pb_row column_structure=\u00a0\u00bb1_2,1_2&Prime; _builder_version=\u00a0\u00bb4.23.2&Prime; _module_preset=\u00a0\u00bbdefault\u00a0\u00bb custom_padding=\u00a0\u00bb||0px|||\u00a0\u00bb global_colors_info=\u00a0\u00bb{}\u00a0\u00bb][et_pb_column type=\u00a0\u00bb1_2&Prime; _builder_version=\u00a0\u00bb4.23.2&Prime; _module_preset=\u00a0\u00bbdefault\u00a0\u00bb global_colors_info=\u00a0\u00bb{}\u00a0\u00bb][et_pb_text _builder_version=\u00a0\u00bb4.23.2&Prime; _module_preset=\u00a0\u00bb_initial\u00a0\u00bb header_2_font=\u00a0\u00bbHedvig Letters Serif||||||||\u00a0\u00bb header_2_text_color=\u00a0\u00bbgcid-3c3581c1-f373-4686-aa51-f9f01c8ffd79&Prime; header_2_font_size=\u00a0\u00bb52px\u00a0\u00bb header_2_line_height=\u00a0\u00bb1.2em\u00a0\u00bb custom_margin=\u00a0\u00bb||10px||false|false\u00a0\u00bb header_2_font_size_tablet=\u00a0\u00bb32px\u00a0\u00bb header_2_font_size_phone=\u00a0\u00bb20px\u00a0\u00bb header_2_font_size_last_edited=\u00a0\u00bbon|desktop\u00a0\u00bb global_colors_info=\u00a0\u00bb{%22gcid-3c3581c1-f373-4686-aa51-f9f01c8ffd79%22:%91%22header_2_text_color%22%93}\u00a0\u00bb]<\/p>\n<h2>Yolanda Herrero<\/h2>\n<p>[\/et_pb_text][et_pb_image src=\u00a0\u00bbhttps:\/\/www.yherrero.com\/wp-content\/uploads\/2025\/07\/logo-YH-275-x-82-px.png\u00a0\u00bb title_text=\u00a0\u00bblogo YH (275 x 82 px)\u00a0\u00bb align=\u00a0\u00bbcenter\u00a0\u00bb _builder_version=\u00a0\u00bb4.27.4&Prime; _module_preset=\u00a0\u00bbdefault\u00a0\u00bb border_radii=\u00a0\u00bbon|20px|20px|20px|20px\u00a0\u00bb global_colors_info=\u00a0\u00bb{}\u00a0\u00bb][\/et_pb_image][et_pb_button button_url=\u00a0\u00bbhttps:\/\/www.yherrero.com\/prendre-rdv\/\u00a0\u00bb button_text=\u00a0\u00bbPrendre RDV\u00a0\u00bb button_alignment=\u00a0\u00bbcenter\u00a0\u00bb _builder_version=\u00a0\u00bb4.27.4&Prime; custom_button=\u00a0\u00bbon\u00a0\u00bb button_text_size=\u00a0\u00bb14px\u00a0\u00bb button_text_color=\u00a0\u00bb#ffffff\u00a0\u00bb button_bg_color=\u00a0\u00bb#ffb356&Prime; button_border_width=\u00a0\u00bb12px\u00a0\u00bb button_border_color=\u00a0\u00bb#ffb356&Prime; button_border_radius=\u00a0\u00bb50px\u00a0\u00bb button_letter_spacing=\u00a0\u00bb2px\u00a0\u00bb button_font=\u00a0\u00bbLato|900||on|||||\u00a0\u00bb button_icon=\u00a0\u00bb&#x24;||divi||400&Prime; custom_margin=\u00a0\u00bb|||\u00a0\u00bb custom_margin_tablet=\u00a0\u00bb|0vw||0vw||true\u00a0\u00bb custom_margin_last_edited=\u00a0\u00bboff|desktop\u00a0\u00bb custom_padding=\u00a0\u00bb|||\u00a0\u00bb global_colors_info=\u00a0\u00bb{}\u00a0\u00bb button_text_size__hover_enabled=\u00a0\u00bboff\u00a0\u00bb button_one_text_size__hover_enabled=\u00a0\u00bboff\u00a0\u00bb button_two_text_size__hover_enabled=\u00a0\u00bboff\u00a0\u00bb button_text_color__hover_enabled=\u00a0\u00bboff\u00a0\u00bb button_one_text_color__hover_enabled=\u00a0\u00bboff\u00a0\u00bb button_two_text_color__hover_enabled=\u00a0\u00bboff\u00a0\u00bb button_border_width__hover_enabled=\u00a0\u00bboff\u00a0\u00bb button_one_border_width__hover_enabled=\u00a0\u00bboff\u00a0\u00bb button_two_border_width__hover_enabled=\u00a0\u00bboff\u00a0\u00bb button_border_color__hover_enabled=\u00a0\u00bboff\u00a0\u00bb button_one_border_color__hover_enabled=\u00a0\u00bboff\u00a0\u00bb button_two_border_color__hover_enabled=\u00a0\u00bboff\u00a0\u00bb button_border_radius__hover_enabled=\u00a0\u00bboff\u00a0\u00bb button_one_border_radius__hover_enabled=\u00a0\u00bboff\u00a0\u00bb button_two_border_radius__hover_enabled=\u00a0\u00bboff\u00a0\u00bb button_letter_spacing__hover_enabled=\u00a0\u00bboff\u00a0\u00bb button_one_letter_spacing__hover_enabled=\u00a0\u00bboff\u00a0\u00bb button_two_letter_spacing__hover_enabled=\u00a0\u00bboff\u00a0\u00bb button_bg_color__hover_enabled=\u00a0\u00bboff\u00a0\u00bb button_one_bg_color__hover_enabled=\u00a0\u00bboff\u00a0\u00bb button_two_bg_color__hover_enabled=\u00a0\u00bboff\u00a0\u00bb][\/et_pb_button][\/et_pb_column][et_pb_column type=\u00a0\u00bb1_2&Prime; _builder_version=\u00a0\u00bb4.23.2&Prime; _module_preset=\u00a0\u00bbdefault\u00a0\u00bb global_colors_info=\u00a0\u00bb{}\u00a0\u00bb][et_pb_text _builder_version=\u00a0\u00bb4.27.4&Prime; _module_preset=\u00a0\u00bb_initial\u00a0\u00bb header_5_font=\u00a0\u00bbInter|700|||||||\u00a0\u00bb header_5_text_color=\u00a0\u00bbgcid-3c3581c1-f373-4686-aa51-f9f01c8ffd79&Prime; header_5_line_height=\u00a0\u00bb1.4em\u00a0\u00bb custom_margin=\u00a0\u00bb||10px||false|false\u00a0\u00bb header_5_font_size_tablet=\u00a0\u00bb16px\u00a0\u00bb header_5_font_size_phone=\u00a0\u00bb14px\u00a0\u00bb header_5_font_size_last_edited=\u00a0\u00bbon|desktop\u00a0\u00bb locked=\u00a0\u00bboff\u00a0\u00bb global_colors_info=\u00a0\u00bb{%22gcid-3c3581c1-f373-4686-aa51-f9f01c8ffd79%22:%91%22header_5_text_color%22%93}\u00a0\u00bb]<\/p>\n<h2>Contact<\/h2>\n<h3>Contactez-moi directement par t\u00e9l\u00e9phone ou par email\u202f:<\/h3>\n<p>[\/et_pb_text][et_pb_social_media_follow _builder_version=\u00a0\u00bb4.27.4&Prime; _module_preset=\u00a0\u00bbdefault\u00a0\u00bb text_orientation=\u00a0\u00bbleft\u00a0\u00bb custom_margin=\u00a0\u00bb||0px|||\u00a0\u00bb border_radii=\u00a0\u00bbon|100px|100px|100px|100px\u00a0\u00bb global_colors_info=\u00a0\u00bb{}\u00a0\u00bb][et_pb_social_media_follow_network social_network=\u00a0\u00bblinkedin\u00a0\u00bb url=\u00a0\u00bbhttps:\/\/www.linkedin.com\/in\/yolanda-herrero\/\u00a0\u00bb _builder_version=\u00a0\u00bb4.27.4&Prime; _module_preset=\u00a0\u00bbdefault\u00a0\u00bb background_color=\u00a0\u00bb#007bb6&Prime; global_colors_info=\u00a0\u00bb{}\u00a0\u00bb follow_button=\u00a0\u00bboff\u00a0\u00bb url_new_window=\u00a0\u00bbon\u00a0\u00bb]linkedin[\/et_pb_social_media_follow_network][\/et_pb_social_media_follow][et_pb_text _builder_version=\u00a0\u00bb4.27.4&Prime; _module_preset=\u00a0\u00bb_initial\u00a0\u00bb header_3_font=\u00a0\u00bbHedvig Letters Serif||||||||\u00a0\u00bb header_3_text_color=\u00a0\u00bbgcid-3c3581c1-f373-4686-aa51-f9f01c8ffd79&Prime; header_3_font_size=\u00a0\u00bb36px\u00a0\u00bb header_3_line_height=\u00a0\u00bb1.5em\u00a0\u00bb custom_margin=\u00a0\u00bb||-1px|||\u00a0\u00bb custom_padding=\u00a0\u00bb0px|||||\u00a0\u00bb header_3_font_size_tablet=\u00a0\u00bb20px\u00a0\u00bb header_3_font_size_phone=\u00a0\u00bb16px\u00a0\u00bb header_3_font_size_last_edited=\u00a0\u00bbon|desktop\u00a0\u00bb global_colors_info=\u00a0\u00bb{%22gcid-3c3581c1-f373-4686-aa51-f9f01c8ffd79%22:%91%22header_3_text_color%22%93}\u00a0\u00bb]<\/p>\n<h3><a href=\"+33603117633\">T\u00e9l : 0603117633<\/a><\/h3>\n<h3><a href=\"mailto:yherrerocoach@gmail.com\">yherrerocoach@gmail.com<\/a><\/h3>\n<p>&nbsp;<\/p>\n<p>[\/et_pb_text][et_pb_code _builder_version=\u00a0\u00bb4.27.4&Prime; _module_preset=\u00a0\u00bbdefault\u00a0\u00bb global_colors_info=\u00a0\u00bb{}\u00a0\u00bb][\/et_pb_code][\/et_pb_column][\/et_pb_row][\/et_pb_section]<\/p>\n","protected":false},"excerpt":{"rendered":"<p>Mentions l\u00e9gales En vigueur au 03\/08\/2025 Conform\u00e9ment aux dispositions des articles 6\u2011III et 19 de la Loi n\u00b02004\u2011575 du 21 juin 2004 pour la Confiance dans l\u2019\u00c9conomie Num\u00e9rique (dite L.C.E.N.), les utilisateurs et visiteurs du site yherrero.com (ci\u2011apr\u00e8s le \u00ab\u202fSite\u202f\u00bb) sont inform\u00e9s des pr\u00e9sentes mentions l\u00e9gales. La navigation sur le Site implique l\u2019acceptation pleine et enti\u00e8re des pr\u00e9sentes mentions l\u00e9gales.Celles-ci sont accessibles \u00e0 tout moment depuis la rubrique \u00ab\u202fMentions l\u00e9gales\u202f\u00bb. ARTICLE 1 \u2013 \u00c9DITEUR L\u2019\u00e9dition et la direction de la publication du Site sont assur\u00e9es par : Herrero YolandaAdresse\u202f: 8 RUE DU NOYER MULOT 95130 FRANCONVILLESIRET\u202f: 85172665300013E\u2011mail\u202f:yherrerocoach@gmail.com (ci-apr\u00e8s \u00ab\u202fl\u2019\u00c9diteur\u202f\u00bb). ARTICLE 2 \u2013 H\u00c9BERGEMENT Le Site est h\u00e9berg\u00e9 par\u202f: o2switchChemin des Pardiaux \u2013 63000 Clermont\u2011Ferrand \u2013 FranceT\u00e9l.\u202f: 04\u202f44\u202f44\u202f60\u202f40Site\u202f: www.o2switch.fr ARTICLE 3 \u2013 ACC\u00c8S AU SITE Le Site est accessible 7\u202fjours sur\u202f7 et 24\u202fheures sur\u202f24, sauf cas de force majeure, interruption programm\u00e9e ou non, ou n\u00e9cessitant une op\u00e9ration de maintenance. L\u2019\u00c9diteur ne saurait \u00eatre tenu responsable en cas de modification, suspension ou interruption des services du Site. ARTICLE 4 \u2013 COLLECTE ET PROTECTION DES DONN\u00c9ES Le Site assure \u00e0 l\u2019Utilisateur une collecte et un traitement des informations personnelles dans le respect de la vie priv\u00e9e, conform\u00e9ment \u00e0 la loi n\u00b078\u201117 du 6 [&hellip;]<\/p>\n","protected":false},"author":1,"featured_media":0,"parent":0,"menu_order":0,"comment_status":"closed","ping_status":"closed","template":"","meta":{"_seopress_robots_primary_cat":"","_seopress_titles_title":"","_seopress_titles_desc":"","_seopress_robots_index":"","_et_pb_use_builder":"on","_et_pb_old_content":"","_et_gb_content_width":"","footnotes":""},"class_list":["post-434","page","type-page","status-publish","hentry"],"_links":{"self":[{"href":"https:\/\/www.yherrero.com\/es\/wp-json\/wp\/v2\/pages\/434","targetHints":{"allow":["GET"]}}],"collection":[{"href":"https:\/\/www.yherrero.com\/es\/wp-json\/wp\/v2\/pages"}],"about":[{"href":"https:\/\/www.yherrero.com\/es\/wp-json\/wp\/v2\/types\/page"}],"author":[{"embeddable":true,"href":"https:\/\/www.yherrero.com\/es\/wp-json\/wp\/v2\/users\/1"}],"replies":[{"embeddable":true,"href":"https:\/\/www.yherrero.com\/es\/wp-json\/wp\/v2\/comments?post=434"}],"version-history":[{"count":7,"href":"https:\/\/www.yherrero.com\/es\/wp-json\/wp\/v2\/pages\/434\/revisions"}],"predecessor-version":[{"id":482,"href":"https:\/\/www.yherrero.com\/es\/wp-json\/wp\/v2\/pages\/434\/revisions\/482"}],"wp:attachment":[{"href":"https:\/\/www.yherrero.com\/es\/wp-json\/wp\/v2\/media?parent=434"}],"curies":[{"name":"wp","href":"https:\/\/api.w.org\/{rel}","templated":true}]}}